{"id":544,"date":"2015-07-17T13:15:29","date_gmt":"2015-07-17T13:15:29","guid":{"rendered":"http:\/\/capethemes.com\/demo\/industry\/?page_id=544"},"modified":"2025-04-17T12:51:16","modified_gmt":"2025-04-17T12:51:16","slug":"petroquimica","status":"publish","type":"page","link":"https:\/\/amcruzinternational.com\/en\/petroquimica\/","title":{"rendered":"Petrochemical"},"content":{"rendered":"<div data-elementor-type=\"wp-page\" data-elementor-id=\"544\" class=\"elementor elementor-544\" data-elementor-post-type=\"page\">\n\t\t\t\t\t\t<section class=\"elementor-section elementor-top-section elementor-element elementor-element-451f2967 elementor-section-height-min-height elementor-section-content-middle elementor-section-boxed elementor-section-height-default elementor-section-items-middle\" data-id=\"451f2967\" data-element_type=\"section\" data-settings=\"{&quot;background_background&quot;:&quot;classic&quot;}\">\n\t\t\t\t\t\t\t<div class=\"elementor-background-overlay\"><\/div>\n\t\t\t\t\t\t\t<div class=\"elementor-container elementor-column-gap-no\">\n\t\t\t\t\t<div class=\"elementor-column elementor-col-100 elementor-top-column elementor-element elementor-element-5e72d5f1\" data-id=\"5e72d5f1\" data-element_type=\"column\">\n\t\t\t<div class=\"elementor-widget-wrap elementor-element-populated\">\n\t\t\t\t\t\t<div class=\"elementor-element elementor-element-12d27190 elementor-widget elementor-widget-heading\" data-id=\"12d27190\" data-element_type=\"widget\" data-widget_type=\"heading.default\">\n\t\t\t\t<div class=\"elementor-widget-container\">\n\t\t\t\t\t<p class=\"elementor-heading-title elementor-size-xl\">Petrochemical<\/p>\t\t\t\t<\/div>\n\t\t\t\t<\/div>\n\t\t\t\t\t<\/div>\n\t\t<\/div>\n\t\t\t\t\t<\/div>\n\t\t<\/section>\n\t\t<div class=\"elementor-element elementor-element-1af8c528 e-flex e-con-boxed e-con e-parent\" data-id=\"1af8c528\" data-element_type=\"container\">\n\t\t\t\t\t<div class=\"e-con-inner\">\n\t\t<div class=\"elementor-element elementor-element-23289850 e-con-full e-flex e-con e-child\" data-id=\"23289850\" data-element_type=\"container\">\n\t\t\t\t<div class=\"elementor-element elementor-element-3fdf1983 elementor-widget elementor-widget-heading\" data-id=\"3fdf1983\" data-element_type=\"widget\" data-widget_type=\"heading.default\">\n\t\t\t\t<div class=\"elementor-widget-container\">\n\t\t\t\t\t<p class=\"elementor-heading-title elementor-size-xl\">Petrochemical<\/p>\t\t\t\t<\/div>\n\t\t\t\t<\/div>\n\t\t\t\t<div class=\"elementor-element elementor-element-10209a19 elementor-widget elementor-widget-text-editor\" data-id=\"10209a19\" data-element_type=\"widget\" data-widget_type=\"text-editor.default\">\n\t\t\t\t<div class=\"elementor-widget-container\">\n\t\t\t\t\t\t\t\t\t<div>We provide specialized support to the petrochemical industry, supplying essential parts and equipment for the refining and transformation of oil and gas. Our commitment is to ensure that all components meet the industry\u2019s rigorous quality and safety requirements, with fast and efficient delivery. With a team of experts, we closely monitor operations, optimizing processes and minimizing costs. We ensure that critical materials arrive on time and with high performance, meeting the specific needs of each project and boosting industry productivity.<\/div>\t\t\t\t\t\t\t\t<\/div>\n\t\t\t\t<\/div>\n\t\t\t\t<\/div>\n\t\t<div class=\"elementor-element elementor-element-22f02b45 e-con-full e-flex e-con e-child\" data-id=\"22f02b45\" data-element_type=\"container\">\n\t\t\t\t<div class=\"elementor-element elementor-element-3ac3f3b7 elementor-widget elementor-widget-image\" data-id=\"3ac3f3b7\" data-element_type=\"widget\" data-widget_type=\"image.default\">\n\t\t\t\t<div class=\"elementor-widget-container\">\n\t\t\t\t\t\t\t\t\t\t\t\t\t\t\t<img decoding=\"async\" src=\"https:\/\/amcruzinternational.com\/wp-content\/uploads\/elementor\/thumbs\/petroquimica-scaled-r3g2a5sw1gvkffsz889gbc86ualqzoghgod2ouyu4c.jpg\" title=\"Aerial view of oil refinery\" alt=\"Aerial view of huge oil refinery with smokestacks and tanks\" loading=\"lazy\" \/>\t\t\t\t\t\t\t\t\t\t\t\t\t\t\t<\/div>\n\t\t\t\t<\/div>\n\t\t\t\t<\/div>\n\t\t\t\t\t<\/div>\n\t\t\t\t<\/div>\n\t\t\t\t<\/div>","protected":false},"excerpt":{"rendered":"<div class=\"tmnf_excerpt\"><p>Oferecemos suporte especializado para o setor petroqu\u00edmico, fornecendo pe\u00e7as e equipamentos essenciais para o refino e transforma\u00e7\u00e3o de petr\u00f3leo e g\u00e1s. Nosso compromisso \u00e9 garantir que todos os componentes atendam aos rigorosos requisitos de qualidade e seguran\u00e7a da ind\u00fastria, com entrega \u00e1gil e eficiente. Com uma equipe de especialistas, monitoramos as opera\u00e7\u00f5es de perto, otimizando &hellip;<\/p>\n<\/div>","protected":false},"author":1,"featured_media":0,"parent":0,"menu_order":0,"comment_status":"closed","ping_status":"closed","template":"elementor_header_footer","meta":{"footnotes":""},"class_list":["post-544","page","type-page","status-publish","hentry"],"_links":{"self":[{"href":"https:\/\/amcruzinternational.com\/en\/wp-json\/wp\/v2\/pages\/544","targetHints":{"allow":["GET"]}}],"collection":[{"href":"https:\/\/amcruzinternational.com\/en\/wp-json\/wp\/v2\/pages"}],"about":[{"href":"https:\/\/amcruzinternational.com\/en\/wp-json\/wp\/v2\/types\/page"}],"author":[{"embeddable":true,"href":"https:\/\/amcruzinternational.com\/en\/wp-json\/wp\/v2\/users\/1"}],"replies":[{"embeddable":true,"href":"https:\/\/amcruzinternational.com\/en\/wp-json\/wp\/v2\/comments?post=544"}],"version-history":[{"count":30,"href":"https:\/\/amcruzinternational.com\/en\/wp-json\/wp\/v2\/pages\/544\/revisions"}],"predecessor-version":[{"id":9295,"href":"https:\/\/amcruzinternational.com\/en\/wp-json\/wp\/v2\/pages\/544\/revisions\/9295"}],"wp:attachment":[{"href":"https:\/\/amcruzinternational.com\/en\/wp-json\/wp\/v2\/media?parent=544"}],"curies":[{"name":"wp","href":"https:\/\/api.w.org\/{rel}","templated":true}]}}